{"id":25,"date":"2025-09-23T16:16:49","date_gmt":"2025-09-23T16:16:49","guid":{"rendered":"https:\/\/www.cosmos.hosting\/web\/contact\/"},"modified":"2025-10-04T09:01:03","modified_gmt":"2025-10-04T09:01:03","slug":"contact","status":"publish","type":"page","link":"https:\/\/www.cosmos.hosting\/web\/contact\/","title":{"rendered":"Contact"},"content":{"rendered":"\t\t<div data-elementor-type=\"wp-page\" data-elementor-id=\"25\" class=\"elementor elementor-25\" data-elementor-post-type=\"page\">\n\t\t\t\t<div class=\"elementor-element elementor-element-3d49fde animated-fast e-flex e-con-boxed elementor-invisible e-con e-parent\" data-id=\"3d49fde\" data-element_type=\"container\" data-e-type=\"container\" data-settings=\"{&quot;animation&quot;:&quot;fadeIn&quot;}\">\n\t\t\t\t\t<div class=\"e-con-inner\">\n\t\t<div class=\"elementor-element elementor-element-e7a5b9f e-con-full e-flex e-con e-child\" data-id=\"e7a5b9f\" data-element_type=\"container\" data-e-type=\"container\" data-settings=\"{&quot;background_background&quot;:&quot;classic&quot;}\">\n\t\t<div class=\"elementor-element elementor-element-5946c50 e-con-full e-flex e-con e-child\" data-id=\"5946c50\" data-element_type=\"container\" data-e-type=\"container\">\n\t\t\t\t<div class=\"elementor-element elementor-element-9eb9504 elementor-widget elementor-widget-text-editor\" data-id=\"9eb9504\" data-element_type=\"widget\" data-e-type=\"widget\" data-widget_type=\"text-editor.default\">\n\t\t\t\t\t\t\t\t\t<p>Des questions\u00a0? Nous sommes l\u00e0 pour vous aider.<\/p>\t\t\t\t\t\t\t\t<\/div>\n\t\t\t\t<div class=\"elementor-element elementor-element-b9a7e4f elementor-widget elementor-widget-text-editor\" data-id=\"b9a7e4f\" data-element_type=\"widget\" data-e-type=\"widget\" data-widget_type=\"text-editor.default\">\n\t\t\t\t\t\t\t\t\t<p>Vous avez une question ou besoin d&#8217;aide\u00a0? Nous sommes l\u00e0 pour vous aider. Envoyez-nous un message et nous vous r\u00e9pondrons dans les plus brefs d\u00e9lais.<\/p>\t\t\t\t\t\t\t\t<\/div>\n\t\t<div class=\"elementor-element elementor-element-b06ecc9 e-con-full e-flex e-con e-child\" data-id=\"b06ecc9\" data-element_type=\"container\" data-e-type=\"container\">\n\t\t\t\t<div class=\"elementor-element elementor-element-d7d2ae5 elementor-widget elementor-widget-text-editor\" data-id=\"d7d2ae5\" data-element_type=\"widget\" data-e-type=\"widget\" data-widget_type=\"text-editor.default\">\n\t\t\t\t\t\t\t\t\t<p>Suivez-nous sur<\/p>\t\t\t\t\t\t\t\t<\/div>\n\t\t\t\t<div class=\"elementor-element elementor-element-28ff4b9 elementor-widget elementor-widget-elementskit-social-media\" data-id=\"28ff4b9\" data-element_type=\"widget\" data-e-type=\"widget\" data-widget_type=\"elementskit-social-media.default\">\n\t\t\t\t<div class=\"elementor-widget-container\">\n\t\t\t\t\t<div class=\"ekit-wid-con\" >\t\t\t <ul class=\"ekit_social_media\">\n\t\t\t\t\t\t\t\t\t\t\t\t\t\t<li class=\"elementor-repeater-item-24c5b19\">\n\t\t\t\t\t    <a\n\t\t\t\t\t\thref=\"https:\/\/facebook.com\" aria-label=\"Facebook\" class=\"facebook\" >\n\t\t\t\t\t\t\t\n\t\t\t\t\t\t\t<i aria-hidden=\"true\" class=\"icon icon-facebook\"><\/i>\n                                                                                                            <\/a>\n                    <\/li>\n                    \t\t\t\t\t\t\t\t\t\t\t\t\t\t<li class=\"elementor-repeater-item-68eab4c\">\n\t\t\t\t\t    <a\n\t\t\t\t\t\thref=\"https:\/\/facebook.com\" aria-label=\"Instagram\" class=\"instagram\" >\n\t\t\t\t\t\t\t\n\t\t\t\t\t\t\t<svg aria-hidden=\"true\" class=\"e-font-icon-svg e-fab-instagram\" viewBox=\"0 0 448 512\" xmlns=\"http:\/\/www.w3.org\/2000\/svg\"><path d=\"M224.1 141c-63.6 0-114.9 51.3-114.9 114.9s51.3 114.9 114.9 114.9S339 319.5 339 255.9 287.7 141 224.1 141zm0 189.6c-41.1 0-74.7-33.5-74.7-74.7s33.5-74.7 74.7-74.7 74.7 33.5 74.7 74.7-33.6 74.7-74.7 74.7zm146.4-194.3c0 14.9-12 26.8-26.8 26.8-14.9 0-26.8-12-26.8-26.8s12-26.8 26.8-26.8 26.8 12 26.8 26.8zm76.1 27.2c-1.7-35.9-9.9-67.7-36.2-93.9-26.2-26.2-58-34.4-93.9-36.2-37-2.1-147.9-2.1-184.9 0-35.8 1.7-67.6 9.9-93.9 36.1s-34.4 58-36.2 93.9c-2.1 37-2.1 147.9 0 184.9 1.7 35.9 9.9 67.7 36.2 93.9s58 34.4 93.9 36.2c37 2.1 147.9 2.1 184.9 0 35.9-1.7 67.7-9.9 93.9-36.2 26.2-26.2 34.4-58 36.2-93.9 2.1-37 2.1-147.8 0-184.8zM398.8 388c-7.8 19.6-22.9 34.7-42.6 42.6-29.5 11.7-99.5 9-132.1 9s-102.7 2.6-132.1-9c-19.6-7.8-34.7-22.9-42.6-42.6-11.7-29.5-9-99.5-9-132.1s-2.6-102.7 9-132.1c7.8-19.6 22.9-34.7 42.6-42.6 29.5-11.7 99.5-9 132.1-9s102.7-2.6 132.1 9c19.6 7.8 34.7 22.9 42.6 42.6 11.7 29.5 9 99.5 9 132.1s2.7 102.7-9 132.1z\"><\/path><\/svg>\n                                                                                                            <\/a>\n                    <\/li>\n                    \t\t\t\t\t\t\t\t\t\t\t\t\t\t<li class=\"elementor-repeater-item-2c102db\">\n\t\t\t\t\t    <a\n\t\t\t\t\t\thref=\"https:\/\/facebook.com\" aria-label=\"Twitter\" class=\"twitter\" >\n\t\t\t\t\t\t\t\n\t\t\t\t\t\t\t<svg aria-hidden=\"true\" class=\"e-font-icon-svg e-fab-x-twitter\" viewBox=\"0 0 512 512\" xmlns=\"http:\/\/www.w3.org\/2000\/svg\"><path d=\"M389.2 48h70.6L305.6 224.2 487 464H345L233.7 318.6 106.5 464H35.8L200.7 275.5 26.8 48H172.4L272.9 180.9 389.2 48zM364.4 421.8h39.1L151.1 88h-42L364.4 421.8z\"><\/path><\/svg>\n                                                                                                            <\/a>\n                    <\/li>\n                    \t\t\t\t\t\t\t<\/ul>\n\t\t<\/div>\t\t\t\t<\/div>\n\t\t\t\t<\/div>\n\t\t\t\t<\/div>\n\t\t\t\t<\/div>\n\t\t<div class=\"elementor-element elementor-element-ab30ce3 e-con-full e-flex e-con e-child\" data-id=\"ab30ce3\" data-element_type=\"container\" data-e-type=\"container\" data-settings=\"{&quot;background_background&quot;:&quot;classic&quot;}\">\n\t\t\t\t<div class=\"elementor-element elementor-element-f11fb89 elementor-widget elementor-widget-jet-form-builder-form\" data-id=\"f11fb89\" data-element_type=\"widget\" data-e-type=\"widget\" data-widget_type=\"jet-form-builder-form.default\">\n\t\t\t\t<div class=\"elementor-widget-container\">\n\t\t\t\t\t<link rel='stylesheet' id='wp-block-library-css' href='https:\/\/www.cosmos.hosting\/web\/wp-includes\/css\/dist\/block-library\/style.min.css?ver=6.8.5' media='all' \/>\n<link rel=\"preconnect\" href=\"https:\/\/fonts.gstatic.com\"><style id=\"jet-form-builder-315-inline-css\">.jet-sm-gb-88b49ea1-1773-41a4-a82e-64fe65321d59 .jet-form-builder__desc.jet-form-builder__desc.jet-form-builder__desc{background-color: ;} .jet-sm-gb-e91b9c52-df72-47f0-a74f-f236071c7fc4 .jet-form-builder__desc.jet-form-builder__desc.jet-form-builder__desc{background-color: ;} .jet-sm-gb-f7c4a68b-247c-48d6-a130-705f54d4be61 .jet-form-builder__action-button:hover:not(:disabled){background-color: ;} .jet-sm-gb-e700b719-9bb5-45b1-be44-0d1d27b65f25 .jet-form-builder__desc.jet-form-builder__desc.jet-form-builder__desc{background-color: ;} .jet-sm-gb-d4c5593a-2a49-4cbf-96ab-2e755ecf25cf .jet-form-builder__desc.jet-form-builder__desc.jet-form-builder__desc{background-color: ;} .jet-sm-gb-457441da-567d-4486-bb2c-591c0dbd4ac4 .jet-form-builder__desc.jet-form-builder__desc.jet-form-builder__desc{background-color: ;} <\/style><form  class=\"jet-form-builder layout-column submit-type-reload\" action=\"https:\/\/www.cosmos.hosting\/web\/wp-json\/wp\/v2\/pages\/25\/?fmFJPl=QlmnBmOdo8&amp;method=reload\" method=\"POST\" data-form-id=\"315\" data-layout=\"column\" enctype=\"multipart\/form-data\" data-clear=\"1\" novalidate=\"null\" ssr_validation_method=\"rest\"><input type=\"hidden\" id=\"_wpnonce\" name=\"_wpnonce\" value=\"9d1dbf9c4c\" \/><input type=\"hidden\" name=\"_wp_http_referer\" value=\"\/web\/wp-json\/wp\/v2\/pages\/25\" \/>\r\n<input type=\"hidden\" name=\"_jfb_current_render_states[]\" value=\"DEFAULT.STATE\" data-jfb-sync \/><input type=\"hidden\" class=\"jet-form-builder__field hidden-field\" name=\"_jet_engine_booking_form_id\" data-field-name=\"_jet_engine_booking_form_id\" value=\"315\">\n<input type=\"hidden\" class=\"jet-form-builder__field hidden-field\" name=\"_jet_engine_refer\" data-field-name=\"_jet_engine_refer\" value=\"https:\/\/www.cosmos.hosting\/web\/wp-json\/wp\/v2\/pages\/25\/\">\n<input type=\"hidden\" class=\"jet-form-builder__field hidden-field\" name=\"__queried_post_id\" data-field-name=\"__queried_post_id\" value=\"25\">\n\n<div class=\"wp-block-columns is-layout-flex wp-container-core-columns-is-layout-28f84493 wp-block-columns-is-layout-flex\">\n<div class=\"wp-block-column is-layout-flow wp-block-column-is-layout-flow\" style=\"flex-basis:50%\"><div class=\" jet-sm-gb-wrapper jet-sm-gb-88b49ea1-1773-41a4-a82e-64fe65321d59\" data-block-id=\"jet-sm-gb-88b49ea1-1773-41a4-a82e-64fe65321d59\" ><div  class=\"jet-form-builder-row field-type-text-field\" >\n<div class=\"jet-form-builder__label\">\r\n<div class=\"jet-form-builder__label-text\">Nom et pr\u00e9nom <span class=\"jet-form-builder__required\">*<\/span><\/div><\/div><div class=\"jet-form-builder__field-wrap\">\n\t\t\t\t<input placeholder=\"Nom et pr\u00e9nom\" required=\"required\" name=\"nom_et_prnom\" id=\"nom_et_prnom\" type=\"text\" data-field-name=\"nom_et_prnom\" class=\"jet-form-builder__field text-field\" data-jfb-sync=\"null\" autocomplete=\"off_qKS7pBZ9\">\n\t\t\t\t\t<\/div>\n<\/div><\/div>\n\n<div  class=\"jet-form-builder-row field-type-text-field\" >\n<div class=\"jet-form-builder__label\">\r\n<div class=\"jet-form-builder__label-text\">Email <span class=\"jet-form-builder__required\">*<\/span><\/div><\/div><div class=\"jet-form-builder__field-wrap\">\n\t\t\t\t<input placeholder=\"youremail@gmail.com\" required=\"required\" name=\"email\" id=\"email\" type=\"email\" data-field-name=\"email\" class=\"jet-form-builder__field text-field\" data-jfb-sync=\"null\" autocomplete=\"off_AKxL6dcZ\">\n\t\t\t\t\t<\/div>\n<\/div><\/div>\n\n\n\n<div class=\"wp-block-column is-layout-flow wp-block-column-is-layout-flow\" style=\"flex-basis:50%\"><div class=\" jet-sm-gb-wrapper jet-sm-gb-e700b719-9bb5-45b1-be44-0d1d27b65f25\" data-block-id=\"jet-sm-gb-e700b719-9bb5-45b1-be44-0d1d27b65f25\" ><div  class=\"jet-form-builder-row field-type-text-field\" >\n<div class=\"jet-form-builder__label\">\r\n<div class=\"jet-form-builder__label-text\">Nom de votre entreprise <span class=\"jet-form-builder__required\">*<\/span><\/div><\/div><div class=\"jet-form-builder__field-wrap\">\n\t\t\t\t<input placeholder=\"Nom de votre entreprise\" required=\"required\" name=\"nom_de_votre_entreprise\" id=\"nom_de_votre_entreprise\" type=\"text\" data-field-name=\"nom_de_votre_entreprise\" class=\"jet-form-builder__field text-field\" data-jfb-sync=\"null\" autocomplete=\"off_KN6yWus0\">\n\t\t\t\t\t<\/div>\n<\/div><\/div>\n\n<div class=\" jet-sm-gb-wrapper jet-sm-gb-e91b9c52-df72-47f0-a74f-f236071c7fc4\" data-block-id=\"jet-sm-gb-e91b9c52-df72-47f0-a74f-f236071c7fc4\" ><div  class=\"jet-form-builder-row field-type-text-field\" >\n<div class=\"jet-form-builder__label\">\r\n<div class=\"jet-form-builder__label-text\">Num\u00e9ro de t\u00e9l\u00e9phone <span class=\"jet-form-builder__required\">*<\/span><\/div><\/div><div class=\"jet-form-builder__field-wrap\">\n\t\t\t\t<input placeholder=\"+41 00 000 00 00\" required=\"required\" name=\"numro_de_tlphone\" id=\"numro_de_tlphone\" type=\"tel\" data-field-name=\"numro_de_tlphone\" class=\"jet-form-builder__field text-field\" data-jfb-sync=\"null\" autocomplete=\"off_kWiQSDuv\">\n\t\t\t\t\t<\/div>\n<\/div><\/div><\/div>\n<\/div>\n\n\n<div class=\" jet-sm-gb-wrapper jet-sm-gb-457441da-567d-4486-bb2c-591c0dbd4ac4\" data-block-id=\"jet-sm-gb-457441da-567d-4486-bb2c-591c0dbd4ac4\" ><div  class=\"jet-form-builder-row field-type-textarea-field\" >\n<div class=\"jet-form-builder__label\">\r\n<div class=\"jet-form-builder__label-text\">Comment pouvons-nous vous aider? <span class=\"jet-form-builder__required\">*<\/span><\/div><\/div><div class=\"jet-form-builder__field-wrap\">\n\t\t<textarea class=\"jet-form-builder__field textarea-field\" placeholder=\"Laissez-nous un message...\" required=\"required\" name=\"comment_pouvons_nous_vous_aider\" data-field-name=\"comment_pouvons_nous_vous_aider\" id=\"comment_pouvons_nous_vous_aider\" data-jfb-sync=\"null\"><\/textarea>\n\t<\/div>\n<\/div><\/div>\n\n<div class=\" jet-sm-gb-wrapper jet-sm-gb-f7c4a68b-247c-48d6-a130-705f54d4be61\" data-block-id=\"jet-sm-gb-f7c4a68b-247c-48d6-a130-705f54d4be61\" ><div  class=\"jet-form-builder-row field-type-submit-field\" >\n\t<div data-type=\"submit\" class=\"jet-form-builder__action-button-wrapper jet-form-builder__submit-wrap\">\n\t<button class=\"jet-form-builder__action-button jet-form-builder__submit submit-type-reload\" type=\"submit\">Envoyer<\/button>\n\t<\/div>\n\t\n<\/div><\/div>\n\n\n<p><\/p>\n\t<div class=\"jet-form-builder-messages-wrap\" data-form-id=\"315\"><\/div>\n<\/form>\n\t\t\t\t<\/div>\n\t\t\t\t<\/div>\n\t\t\t\t<\/div>\n\t\t\t\t<\/div>\n\t\t\t\t\t<\/div>\n\t\t\t\t<\/div>\n\t\t<div class=\"elementor-element elementor-element-238198c animated-fast e-flex e-con-boxed elementor-invisible e-con e-parent\" data-id=\"238198c\" data-element_type=\"container\" data-e-type=\"container\" data-settings=\"{&quot;animation&quot;:&quot;fadeIn&quot;}\">\n\t\t\t\t\t<div class=\"e-con-inner\">\n\t\t<div class=\"elementor-element elementor-element-9068bb3 e-con-full e-flex e-con e-child\" data-id=\"9068bb3\" data-element_type=\"container\" data-e-type=\"container\" data-settings=\"{&quot;background_background&quot;:&quot;classic&quot;}\">\n\t\t<div class=\"elementor-element elementor-element-4761e7e e-con-full e-flex e-con e-child\" data-id=\"4761e7e\" data-element_type=\"container\" data-e-type=\"container\">\n\t\t\t\t<div class=\"elementor-element elementor-element-1662678 elementor-widget elementor-widget-text-editor\" data-id=\"1662678\" data-element_type=\"widget\" data-e-type=\"widget\" data-widget_type=\"text-editor.default\">\n\t\t\t\t\t\t\t\t\t<p>Voici quelques questions fr\u00e9quemment pos\u00e9es<\/p>\t\t\t\t\t\t\t\t<\/div>\n\t\t\t\t<div class=\"elementor-element elementor-element-28ef12f elementor-widget elementor-widget-text-editor\" data-id=\"28ef12f\" data-element_type=\"widget\" data-e-type=\"widget\" data-widget_type=\"text-editor.default\">\n\t\t\t\t\t\t\t\t\t<p>Trouvez des r\u00e9ponses rapides et utiles aux questions les plus courantes sur la cr\u00e9ation, la formation et l&#8217;utilisation de votre agent d&#8217;IA.<\/p>\t\t\t\t\t\t\t\t<\/div>\n\t\t\t\t<\/div>\n\t\t<div class=\"elementor-element elementor-element-d3a9edd e-con-full e-flex e-con e-child\" data-id=\"d3a9edd\" data-element_type=\"container\" data-e-type=\"container\">\n\t\t\t\t<div class=\"elementor-element elementor-element-649c25d elementor-widget elementor-widget-eael-adv-accordion\" data-id=\"649c25d\" data-element_type=\"widget\" data-e-type=\"widget\" data-widget_type=\"eael-adv-accordion.default\">\n\t\t\t\t\t            <div class=\"eael-adv-accordion\" id=\"eael-adv-accordion-649c25d\" data-scroll-on-click=\"no\" data-scroll-speed=\"300\" data-accordion-id=\"649c25d\" data-accordion-type=\"toggle\" data-toogle-speed=\"300\">\n            <div class=\"eael-accordion-list\">\n\t\t\t\t\t<div id=\"quels-services-proposez-vous-\" class=\"elementor-tab-title eael-accordion-header\" tabindex=\"0\" data-tab=\"1\" aria-controls=\"elementor-tab-content-1051\"><span class=\"fa-accordion-icon fa-accordion-icon-svg eaa-svg eael-advanced-accordion-icon-closed\"><svg xmlns=\"http:\/\/www.w3.org\/2000\/svg\" width=\"32\" height=\"32\" viewBox=\"0 0 32 32\" fill=\"none\"><path d=\"M29.3346 15.4222C29.3346 22.4664 23.3643 28.1779 16.0013 28.1779C15.1356 28.179 14.2723 28.099 13.4219 27.9392C12.8097 27.8243 12.5037 27.7668 12.29 27.7994C12.0763 27.8321 11.7735 27.9931 11.1679 28.3151C9.45482 29.2262 7.45724 29.5479 5.53612 29.1906C6.26629 28.2925 6.76496 27.2149 6.98501 26.0597C7.11834 25.3531 6.78797 24.6666 6.29315 24.1641C4.04575 21.882 2.66797 18.8067 2.66797 15.4222C2.66797 8.37805 8.63834 2.66663 16.0013 2.66663C23.3643 2.66663 29.3346 8.37805 29.3346 15.4222Z\" stroke=\"#767676\" stroke-width=\"2.66667\" stroke-linejoin=\"round\"><\/path><path d=\"M13.335 13.128C13.335 11.7686 14.5289 10.6665 16.0016 10.6665C17.4744 10.6665 18.6683 11.7686 18.6683 13.128C18.6683 13.6181 18.5132 14.0747 18.2458 14.4582C17.4488 15.6015 16.0016 16.6916 16.0016 18.0511V18.6665\" stroke=\"#767676\" stroke-width=\"2.66667\" stroke-linecap=\"round\"><\/path><path d=\"M16.002 21.9999H16.0139\" stroke=\"#767676\" stroke-width=\"2.66667\" stroke-linecap=\"round\" stroke-linejoin=\"round\"><\/path><\/svg><\/span><span class=\"fa-accordion-icon fa-accordion-icon-svg eaa-svg eael-advanced-accordion-icon-opened\"><svg xmlns=\"http:\/\/www.w3.org\/2000\/svg\" width=\"32\" height=\"32\" viewBox=\"0 0 32 32\" fill=\"none\"><path d=\"M29.3346 15.4222C29.3346 22.4664 23.3643 28.1779 16.0013 28.1779C15.1356 28.179 14.2723 28.099 13.4219 27.9392C12.8097 27.8243 12.5037 27.7668 12.29 27.7994C12.0763 27.8321 11.7735 27.9931 11.1679 28.3151C9.45482 29.2262 7.45724 29.5479 5.53612 29.1906C6.26629 28.2925 6.76496 27.2149 6.98501 26.0597C7.11834 25.3531 6.78797 24.6666 6.29315 24.1641C4.04575 21.882 2.66797 18.8067 2.66797 15.4222C2.66797 8.37805 8.63834 2.66663 16.0013 2.66663C23.3643 2.66663 29.3346 8.37805 29.3346 15.4222Z\" stroke=\"#767676\" stroke-width=\"2.66667\" stroke-linejoin=\"round\"><\/path><path d=\"M13.335 13.128C13.335 11.7686 14.5289 10.6665 16.0016 10.6665C17.4744 10.6665 18.6683 11.7686 18.6683 13.128C18.6683 13.6181 18.5132 14.0747 18.2458 14.4582C17.4488 15.6015 16.0016 16.6916 16.0016 18.0511V18.6665\" stroke=\"#767676\" stroke-width=\"2.66667\" stroke-linecap=\"round\"><\/path><path d=\"M16.002 21.9999H16.0139\" stroke=\"#767676\" stroke-width=\"2.66667\" stroke-linecap=\"round\" stroke-linejoin=\"round\"><\/path><\/svg><\/span><span class=\"eael-accordion-tab-title\">Quels services proposez-vous ?<\/span><svg aria-hidden=\"true\" class=\"fa-toggle e-font-icon-svg e-fas-angle-right\" viewBox=\"0 0 256 512\" xmlns=\"http:\/\/www.w3.org\/2000\/svg\"><path d=\"M224.3 273l-136 136c-9.4 9.4-24.6 9.4-33.9 0l-22.6-22.6c-9.4-9.4-9.4-24.6 0-33.9l96.4-96.4-96.4-96.4c-9.4-9.4-9.4-24.6 0-33.9L54.3 103c9.4-9.4 24.6-9.4 33.9 0l136 136c9.5 9.4 9.5 24.6.1 34z\"><\/path><\/svg><\/div><div id=\"elementor-tab-content-1051\" class=\"eael-accordion-content clearfix\" data-tab=\"1\" aria-labelledby=\"quels-services-proposez-vous-\"><p>Lorem ipsum dolor sit amet, consectetur adipisicing elit. Optio, neque qui velit. Magni dolorum quidem ipsam eligendi, totam, facilis laudantium cum accusamus ullam voluptatibus commodi numquam, error, est. Ea, consequatur.<\/p><\/div>\n\t\t\t\t\t<\/div><div class=\"eael-accordion-list\">\n\t\t\t\t\t<div id=\"quel-est-votre-modle-de-tarification-\" class=\"elementor-tab-title eael-accordion-header\" tabindex=\"0\" data-tab=\"2\" aria-controls=\"elementor-tab-content-1052\"><span class=\"fa-accordion-icon fa-accordion-icon-svg eaa-svg eael-advanced-accordion-icon-closed\"><svg xmlns=\"http:\/\/www.w3.org\/2000\/svg\" width=\"32\" height=\"32\" viewBox=\"0 0 32 32\" fill=\"none\"><path d=\"M29.3346 15.4222C29.3346 22.4664 23.3643 28.1779 16.0013 28.1779C15.1356 28.179 14.2723 28.099 13.4219 27.9392C12.8097 27.8243 12.5037 27.7668 12.29 27.7994C12.0763 27.8321 11.7735 27.9931 11.1679 28.3151C9.45482 29.2262 7.45724 29.5479 5.53612 29.1906C6.26629 28.2925 6.76496 27.2149 6.98501 26.0597C7.11834 25.3531 6.78797 24.6666 6.29315 24.1641C4.04575 21.882 2.66797 18.8067 2.66797 15.4222C2.66797 8.37805 8.63834 2.66663 16.0013 2.66663C23.3643 2.66663 29.3346 8.37805 29.3346 15.4222Z\" stroke=\"#767676\" stroke-width=\"2.66667\" stroke-linejoin=\"round\"><\/path><path d=\"M13.335 13.128C13.335 11.7686 14.5289 10.6665 16.0016 10.6665C17.4744 10.6665 18.6683 11.7686 18.6683 13.128C18.6683 13.6181 18.5132 14.0747 18.2458 14.4582C17.4488 15.6015 16.0016 16.6916 16.0016 18.0511V18.6665\" stroke=\"#767676\" stroke-width=\"2.66667\" stroke-linecap=\"round\"><\/path><path d=\"M16.002 21.9999H16.0139\" stroke=\"#767676\" stroke-width=\"2.66667\" stroke-linecap=\"round\" stroke-linejoin=\"round\"><\/path><\/svg><\/span><span class=\"fa-accordion-icon fa-accordion-icon-svg eaa-svg eael-advanced-accordion-icon-opened\"><svg xmlns=\"http:\/\/www.w3.org\/2000\/svg\" width=\"32\" height=\"32\" viewBox=\"0 0 32 32\" fill=\"none\"><path d=\"M29.3346 15.4222C29.3346 22.4664 23.3643 28.1779 16.0013 28.1779C15.1356 28.179 14.2723 28.099 13.4219 27.9392C12.8097 27.8243 12.5037 27.7668 12.29 27.7994C12.0763 27.8321 11.7735 27.9931 11.1679 28.3151C9.45482 29.2262 7.45724 29.5479 5.53612 29.1906C6.26629 28.2925 6.76496 27.2149 6.98501 26.0597C7.11834 25.3531 6.78797 24.6666 6.29315 24.1641C4.04575 21.882 2.66797 18.8067 2.66797 15.4222C2.66797 8.37805 8.63834 2.66663 16.0013 2.66663C23.3643 2.66663 29.3346 8.37805 29.3346 15.4222Z\" stroke=\"#767676\" stroke-width=\"2.66667\" stroke-linejoin=\"round\"><\/path><path d=\"M13.335 13.128C13.335 11.7686 14.5289 10.6665 16.0016 10.6665C17.4744 10.6665 18.6683 11.7686 18.6683 13.128C18.6683 13.6181 18.5132 14.0747 18.2458 14.4582C17.4488 15.6015 16.0016 16.6916 16.0016 18.0511V18.6665\" stroke=\"#767676\" stroke-width=\"2.66667\" stroke-linecap=\"round\"><\/path><path d=\"M16.002 21.9999H16.0139\" stroke=\"#767676\" stroke-width=\"2.66667\" stroke-linecap=\"round\" stroke-linejoin=\"round\"><\/path><\/svg><\/span><span class=\"eael-accordion-tab-title\">Quel est votre mod\u00e8le de tarification ?<\/span><svg aria-hidden=\"true\" class=\"fa-toggle e-font-icon-svg e-fas-angle-right\" viewBox=\"0 0 256 512\" xmlns=\"http:\/\/www.w3.org\/2000\/svg\"><path d=\"M224.3 273l-136 136c-9.4 9.4-24.6 9.4-33.9 0l-22.6-22.6c-9.4-9.4-9.4-24.6 0-33.9l96.4-96.4-96.4-96.4c-9.4-9.4-9.4-24.6 0-33.9L54.3 103c9.4-9.4 24.6-9.4 33.9 0l136 136c9.5 9.4 9.5 24.6.1 34z\"><\/path><\/svg><\/div><div id=\"elementor-tab-content-1052\" class=\"eael-accordion-content clearfix\" data-tab=\"2\" aria-labelledby=\"quel-est-votre-modle-de-tarification-\"><p>Lorem ipsum dolor sit amet, consectetur adipisicing elit. Optio, neque qui velit. Magni dolorum quidem ipsam eligendi, totam, facilis laudantium cum accusamus ullam voluptatibus commodi numquam, error, est. Ea, consequatur.<\/p><\/div>\n\t\t\t\t\t<\/div><\/div>\t\t\t\t<\/div>\n\t\t\t\t<\/div>\n\t\t\t\t<\/div>\n\t\t\t\t\t<\/div>\n\t\t\t\t<\/div>\n\t\t\t\t<\/div>\n\t\t","protected":false},"excerpt":{"rendered":"<p>Des questions\u00a0? Nous sommes l\u00e0 pour vous aider. Vous avez une question ou besoin d&#8217;aide\u00a0? Nous sommes l\u00e0 pour vous aider. Envoyez-nous un message et nous vous r\u00e9pondrons dans les plus brefs d\u00e9lais. Suivez-nous sur Nom et pr\u00e9nom * Email * Nom de votre entreprise * Num\u00e9ro de t\u00e9l\u00e9phone * Comment pouvons-nous vous aider? * [&hellip;]<\/p>\n","protected":false},"author":1,"featured_media":0,"parent":0,"menu_order":0,"comment_status":"closed","ping_status":"closed","template":"","meta":{"_jet_sm_ready_style":"","_jet_sm_style":"","_jet_sm_controls_values":"","_jet_sm_fonts_collection":"","_jet_sm_fonts_links":"","footnotes":""},"class_list":["post-25","page","type-page","status-publish","hentry"],"_links":{"self":[{"href":"https:\/\/www.cosmos.hosting\/web\/wp-json\/wp\/v2\/pages\/25","targetHints":{"allow":["GET"]}}],"collection":[{"href":"https:\/\/www.cosmos.hosting\/web\/wp-json\/wp\/v2\/pages"}],"about":[{"href":"https:\/\/www.cosmos.hosting\/web\/wp-json\/wp\/v2\/types\/page"}],"author":[{"embeddable":true,"href":"https:\/\/www.cosmos.hosting\/web\/wp-json\/wp\/v2\/users\/1"}],"replies":[{"embeddable":true,"href":"https:\/\/www.cosmos.hosting\/web\/wp-json\/wp\/v2\/comments?post=25"}],"version-history":[{"count":0,"href":"https:\/\/www.cosmos.hosting\/web\/wp-json\/wp\/v2\/pages\/25\/revisions"}],"wp:attachment":[{"href":"https:\/\/www.cosmos.hosting\/web\/wp-json\/wp\/v2\/media?parent=25"}],"curies":[{"name":"wp","href":"https:\/\/api.w.org\/{rel}","templated":true}]}}