{"id":401,"date":"2025-09-28T14:33:44","date_gmt":"2025-09-28T14:33:44","guid":{"rendered":"https:\/\/www.cosmos.hosting\/web\/?page_id=401"},"modified":"2025-09-29T06:32:38","modified_gmt":"2025-09-29T06:32:38","slug":"support-humain-et-expert","status":"publish","type":"page","link":"https:\/\/www.cosmos.hosting\/web\/support-humain-et-expert\/","title":{"rendered":"Support Humain et Expert"},"content":{"rendered":"\t\t<div data-elementor-type=\"wp-page\" data-elementor-id=\"401\" class=\"elementor elementor-401\" data-elementor-post-type=\"page\">\n\t\t\t\t<div class=\"elementor-element elementor-element-9633181 animated-fast e-flex e-con-boxed elementor-invisible e-con e-parent\" data-id=\"9633181\" data-element_type=\"container\" data-e-type=\"container\" data-settings=\"{&quot;animation&quot;:&quot;fadeIn&quot;}\">\n\t\t\t\t\t<div class=\"e-con-inner\">\n\t\t<div class=\"elementor-element elementor-element-6b2c408 e-con-full e-flex e-con e-child\" data-id=\"6b2c408\" data-element_type=\"container\" data-e-type=\"container\" data-settings=\"{&quot;background_background&quot;:&quot;classic&quot;}\">\n\t\t<div class=\"elementor-element elementor-element-84cb84f e-flex e-con-boxed e-con e-child\" data-id=\"84cb84f\" data-element_type=\"container\" data-e-type=\"container\">\n\t\t\t\t\t<div class=\"e-con-inner\">\n\t\t\t\t<div class=\"elementor-element elementor-element-b20d7ab elementor-widget elementor-widget-text-editor\" data-id=\"b20d7ab\" data-element_type=\"widget\" data-e-type=\"widget\" data-widget_type=\"text-editor.default\">\n\t\t\t\t\t\t\t\t\t<p>Support Humain<\/p><p>et Expert<\/p>\t\t\t\t\t\t\t\t<\/div>\n\t\t\t\t<div class=\"elementor-element elementor-element-1d50c12 elementor-align-center elementor-widget elementor-widget-button\" data-id=\"1d50c12\" data-element_type=\"widget\" data-e-type=\"widget\" data-widget_type=\"button.default\">\n\t\t\t\t\t\t\t\t\t\t<a class=\"elementor-button elementor-button-link elementor-size-sm\" href=\"https:\/\/www.cosmos.hosting\/web\/contact\/\">\n\t\t\t\t\t\t<span class=\"elementor-button-content-wrapper\">\n\t\t\t\t\t\t<span class=\"elementor-button-icon\">\n\t\t\t\t<svg xmlns=\"http:\/\/www.w3.org\/2000\/svg\" width=\"36\" height=\"36\" viewBox=\"0 0 36 36\" fill=\"none\"><rect width=\"36\" height=\"36\" rx=\"6\" fill=\"white\"><\/rect><path d=\"M10.4995 18C10.4995 17.8342 10.5654 17.6753 10.6826 17.5581C10.7998 17.4409 10.9587 17.375 11.1245 17.375L23.3659 17.375L18.8073 12.8172C18.7493 12.7591 18.7032 12.6902 18.6718 12.6143C18.6403 12.5384 18.6242 12.4571 18.6242 12.375C18.6242 12.2929 18.6403 12.2116 18.6718 12.1357C18.7032 12.0598 18.7493 11.9909 18.8073 11.9328C18.8654 11.8747 18.9343 11.8287 19.0102 11.7973C19.0861 11.7658 19.1674 11.7497 19.2495 11.7497C19.3316 11.7497 19.4129 11.7658 19.4888 11.7973C19.5647 11.8287 19.6336 11.8747 19.6917 11.9328L25.3167 17.5578C25.3748 17.6159 25.4209 17.6848 25.4524 17.7607C25.4838 17.8365 25.5 17.9179 25.5 18C25.5 18.0821 25.4838 18.1635 25.4524 18.2393C25.4209 18.3152 25.3748 18.3841 25.3167 18.4422L19.6917 24.0672C19.5744 24.1845 19.4154 24.2504 19.2495 24.2504C19.0837 24.2504 18.9246 24.1845 18.8073 24.0672C18.69 23.9499 18.6242 23.7909 18.6242 23.625C18.6242 23.4592 18.69 23.3001 18.8073 23.1828L23.3659 18.625L11.1245 18.625C10.9587 18.625 10.7998 18.5592 10.6826 18.4419C10.5654 18.3247 10.4995 18.1658 10.4995 18Z\" fill=\"#001D99\"><\/path><\/svg>\t\t\t<\/span>\n\t\t\t\t\t\t\t\t\t<span class=\"elementor-button-text\">Contact<\/span>\n\t\t\t\t\t<\/span>\n\t\t\t\t\t<\/a>\n\t\t\t\t\t\t\t\t<\/div>\n\t\t\t\t\t<\/div>\n\t\t\t\t<\/div>\n\t\t\t\t<\/div>\n\t\t\t\t\t<\/div>\n\t\t\t\t<\/div>\n\t\t<div class=\"elementor-element elementor-element-c4b9c5a animated-fast e-flex e-con-boxed elementor-invisible e-con e-parent\" data-id=\"c4b9c5a\" data-element_type=\"container\" data-e-type=\"container\" data-settings=\"{&quot;animation&quot;:&quot;fadeIn&quot;}\">\n\t\t\t\t\t<div class=\"e-con-inner\">\n\t\t<div class=\"elementor-element elementor-element-5f6ef20 e-con-full e-flex e-con e-child\" data-id=\"5f6ef20\" data-element_type=\"container\" data-e-type=\"container\" data-settings=\"{&quot;background_background&quot;:&quot;gradient&quot;}\">\n\t\t<div class=\"elementor-element elementor-element-9e7129f e-con-full e-flex e-con e-child\" data-id=\"9e7129f\" data-element_type=\"container\" data-e-type=\"container\">\n\t\t\t\t<div class=\"elementor-element elementor-element-6f51cc1 elementor-widget elementor-widget-text-editor\" data-id=\"6f51cc1\" data-element_type=\"widget\" data-e-type=\"widget\" data-widget_type=\"text-editor.default\">\n\t\t\t\t\t\t\t\t\t<p>Un support r\u00e9actif, humain et expert \u2014 100% en Suisse.<\/p>\t\t\t\t\t\t\t\t<\/div>\n\t\t\t\t<div class=\"elementor-element elementor-element-e8ca9cd elementor-widget elementor-widget-text-editor\" data-id=\"e8ca9cd\" data-element_type=\"widget\" data-e-type=\"widget\" data-widget_type=\"text-editor.default\">\n\t\t\t\t\t\t\t\t\t<p>Notre \u00e9quipe de sp\u00e9cialistes est \u00e0 vos c\u00f4t\u00e9s pour vous accompagner dans chaque \u00e9tape : du conseil \u00e0 la r\u00e9solution rapide de vos incidents. Avec une expertise technique reconnue et une approche humaine, nous vous assurons un support de proximit\u00e9, adapt\u00e9 \u00e0 vos besoins sp\u00e9cifiques, pour que vos syst\u00e8mes restent performants et s\u00e9curis\u00e9s en permanence.<\/p>\t\t\t\t\t\t\t\t<\/div>\n\t\t\t\t<\/div>\n\t\t<div class=\"elementor-element elementor-element-89b61a2 e-con-full e-grid e-con e-child\" data-id=\"89b61a2\" data-element_type=\"container\" data-e-type=\"container\" data-settings=\"{&quot;background_background&quot;:&quot;classic&quot;}\">\n\t\t<div class=\"elementor-element elementor-element-35d665c e-con-full e-flex e-con e-child\" data-id=\"35d665c\" data-element_type=\"container\" data-e-type=\"container\" data-settings=\"{&quot;background_background&quot;:&quot;classic&quot;}\">\n\t\t\t\t<div class=\"elementor-element elementor-element-bde1aae elementor-widget-mobile__width-inherit elementor-widget elementor-widget-image\" data-id=\"bde1aae\" data-element_type=\"widget\" data-e-type=\"widget\" data-widget_type=\"image.default\">\n\t\t\t\t\t\t\t\t\t\t\t\t\t\t\t<img decoding=\"async\" src=\"https:\/\/www.cosmos.hosting\/web\/wp-content\/uploads\/2025\/09\/108505.jpg\" title=\"108505\" alt=\"108505\" loading=\"lazy\" \/>\t\t\t\t\t\t\t\t\t\t\t\t\t\t\t<\/div>\n\t\t<div class=\"elementor-element elementor-element-931e1c5 e-con-full e-flex e-con e-child\" data-id=\"931e1c5\" data-element_type=\"container\" data-e-type=\"container\">\n\t\t\t\t<div class=\"elementor-element elementor-element-9e63047 elementor-widget elementor-widget-text-editor\" data-id=\"9e63047\" data-element_type=\"widget\" data-e-type=\"widget\" data-widget_type=\"text-editor.default\">\n\t\t\t\t\t\t\t\t\t<p>B\u00e9n\u00e9fices cl\u00e9s :<\/p>\t\t\t\t\t\t\t\t<\/div>\n\t\t\t\t<div class=\"elementor-element elementor-element-529080b elementor-widget elementor-widget-text-editor\" data-id=\"529080b\" data-element_type=\"widget\" data-e-type=\"widget\" data-widget_type=\"text-editor.default\">\n\t\t\t\t\t\t\t\t\t<ul><li data-start=\"572\" data-end=\"626\"><p data-start=\"574\" data-end=\"626\">Assistance personnalis\u00e9e par des experts qualifi\u00e9s<\/p><\/li><li data-start=\"627\" data-end=\"682\"><p data-start=\"629\" data-end=\"682\">Support disponible en fran\u00e7ais, anglais et allemand<\/p><\/li><li data-start=\"683\" data-end=\"732\"><p data-start=\"685\" data-end=\"732\">R\u00e9ponse rapide et suivi proactif des demandes<\/p><\/li><li data-start=\"733\" data-end=\"787\"><p data-start=\"735\" data-end=\"787\">Accompagnement strat\u00e9gique et technique sur mesure<\/p><\/li><\/ul>\t\t\t\t\t\t\t\t<\/div>\n\t\t\t\t<\/div>\n\t\t\t\t<\/div>\n\t\t<div class=\"elementor-element elementor-element-c52ecc5 e-con-full e-flex e-con e-child\" data-id=\"c52ecc5\" data-element_type=\"container\" data-e-type=\"container\" data-settings=\"{&quot;background_background&quot;:&quot;gradient&quot;}\">\n\t\t\t\t<div class=\"elementor-element elementor-element-a90d9be elementor-widget-mobile__width-inherit elementor-widget elementor-widget-image\" data-id=\"a90d9be\" data-element_type=\"widget\" data-e-type=\"widget\" data-widget_type=\"image.default\">\n\t\t\t\t\t\t\t\t\t\t\t\t\t\t\t<img decoding=\"async\" src=\"https:\/\/www.cosmos.hosting\/web\/wp-content\/uploads\/2025\/09\/160252.jpg\" title=\"160252\" alt=\"160252\" loading=\"lazy\" \/>\t\t\t\t\t\t\t\t\t\t\t\t\t\t\t<\/div>\n\t\t<div class=\"elementor-element elementor-element-2da162a e-con-full e-flex e-con e-child\" data-id=\"2da162a\" data-element_type=\"container\" data-e-type=\"container\">\n\t\t\t\t<div class=\"elementor-element elementor-element-2d80f38 elementor-widget elementor-widget-text-editor\" data-id=\"2d80f38\" data-element_type=\"widget\" data-e-type=\"widget\" data-widget_type=\"text-editor.default\">\n\t\t\t\t\t\t\t\t\t<p>S\u00e9curit\u00e9 int\u00e9gr\u00e9e<\/p>\t\t\t\t\t\t\t\t<\/div>\n\t\t\t\t<div class=\"elementor-element elementor-element-7d3fbc9 elementor-widget elementor-widget-text-editor\" data-id=\"7d3fbc9\" data-element_type=\"widget\" data-e-type=\"widget\" data-widget_type=\"text-editor.default\">\n\t\t\t\t\t\t\t\t\t<ul><li data-start=\"820\" data-end=\"869\"><p data-start=\"822\" data-end=\"869\">Support assur\u00e9 exclusivement depuis la Suisse<\/p><\/li><li data-start=\"870\" data-end=\"925\"><p data-start=\"872\" data-end=\"925\">Acc\u00e8s s\u00e9curis\u00e9 et confidentiel \u00e0 vos environnements<\/p><\/li><li data-start=\"926\" data-end=\"985\"><p data-start=\"928\" data-end=\"985\">Proc\u00e9dures strictes de confidentialit\u00e9 et de conformit\u00e9<\/p><\/li><li data-start=\"986\" data-end=\"1042\"><p data-start=\"988\" data-end=\"1042\">Suivi transparent avec tra\u00e7abilit\u00e9 des interventions<\/p><\/li><\/ul>\t\t\t\t\t\t\t\t<\/div>\n\t\t\t\t<\/div>\n\t\t\t\t<\/div>\n\t\t\t\t<\/div>\n\t\t\t\t<\/div>\n\t\t\t\t\t<\/div>\n\t\t\t\t<\/div>\n\t\t\t\t<\/div>\n\t\t","protected":false},"excerpt":{"rendered":"<p>Support Humain et Expert Contact Un support r\u00e9actif, humain et expert \u2014 100% en Suisse. Notre \u00e9quipe de sp\u00e9cialistes est \u00e0 vos c\u00f4t\u00e9s pour vous accompagner dans chaque \u00e9tape : du conseil \u00e0 la r\u00e9solution rapide de vos incidents. Avec une expertise technique reconnue et une approche humaine, nous vous assurons un support de proximit\u00e9, [&hellip;]<\/p>\n","protected":false},"author":1,"featured_media":0,"parent":0,"menu_order":0,"comment_status":"closed","ping_status":"closed","template":"","meta":{"_jet_sm_ready_style":"","_jet_sm_style":"","_jet_sm_controls_values":"","_jet_sm_fonts_collection":"","_jet_sm_fonts_links":"","footnotes":""},"class_list":["post-401","page","type-page","status-publish","hentry"],"_links":{"self":[{"href":"https:\/\/www.cosmos.hosting\/web\/wp-json\/wp\/v2\/pages\/401","targetHints":{"allow":["GET"]}}],"collection":[{"href":"https:\/\/www.cosmos.hosting\/web\/wp-json\/wp\/v2\/pages"}],"about":[{"href":"https:\/\/www.cosmos.hosting\/web\/wp-json\/wp\/v2\/types\/page"}],"author":[{"embeddable":true,"href":"https:\/\/www.cosmos.hosting\/web\/wp-json\/wp\/v2\/users\/1"}],"replies":[{"embeddable":true,"href":"https:\/\/www.cosmos.hosting\/web\/wp-json\/wp\/v2\/comments?post=401"}],"version-history":[{"count":0,"href":"https:\/\/www.cosmos.hosting\/web\/wp-json\/wp\/v2\/pages\/401\/revisions"}],"wp:attachment":[{"href":"https:\/\/www.cosmos.hosting\/web\/wp-json\/wp\/v2\/media?parent=401"}],"curies":[{"name":"wp","href":"https:\/\/api.w.org\/{rel}","templated":true}]}}